{"id":929,"date":"2004-06-08T19:01:34","date_gmt":"2004-06-08T19:01:34","guid":{"rendered":"http:\/\/www.drachenserver.de\/wordpress\/?page_id=929"},"modified":"2004-06-08T19:01:34","modified_gmt":"2004-06-08T19:01:34","slug":"copyright-informationen","status":"publish","type":"page","link":"https:\/\/www.drachenserver.de\/wordpress\/copyright-informationen\/","title":{"rendered":"Copyright Informationen"},"content":{"rendered":"<p><strong>Copyrights auf Dragonslayer.de und allen zugeh\u00f6rigen Seiten<\/strong><\/p>\n<p>\u00a0<\/p>\n<hr \/>\n<p>\u00a0<\/p>\n<p>Dragonslayer, das &#8222;Dragonslayer-Network&#8220; und alle zugeh\u00f6rigen Seiten sind ein privates, nicht kommerzielles Projekt von Kolja Engelmann und dienen der Sammlung und Pr\u00e4sentation von aufbereiteten Informationen \u00fcber Drachen(Fabelwesen) aus allen Medien. Allen interessierten Besuchern wird der Zugang zu Bildern, Texten und sonstigen Medien kostenlos zur Verf\u00fcgung gestellt. Die entsprechenden Copyrights seien im Folgenden erl\u00e4utert.<\/p>\n<p>Alle auf dieser Seite und Ihren Unterseiten verf\u00fcgbaren Informationen in Form von Bildern, Texten oder anderen Medien, obliegen den Copyrights der jeweiligen Hersteller oder Lizenzinhaber. Der Webmaster, Kolja Engelmann, stellt hiermit klar, dass er alle verwendeten Daten nur zu privaten, nicht kommerziellen Zwecken verwendet und soweit es technisch m\u00f6glich war, den Urheber um eine  offizielle Erlaubnis gebeten hat, diese zu seinen Bedingungen verwenden zu d\u00fcrfen.<br \/> Die hier folgende Auflistung an Copyrightinformationen ist h\u00f6chstwahrscheinlich unvollst\u00e4ndig. Dies ist keine Absicht, sie wird mit der Zeit erweitert und vervollst\u00e4ndigt. <\/p>\n<p> <strong>Zu den Bildern<\/strong><br \/> Die meisten Bilder meiner Seite wurden zusammengesammelt und im ganzen Internet verstreut aufgefunden. Oftmals ist es f\u00fcr mich schier unm\u00f6glich herauszufinden wer die K\u00fcnstler sind, sind doch die Bilder oft zu klein, zerschnitten oder bearbeitet worden, so dass ich beispielsweise keine Signaturen oder markante Stile erkennen kann. Dennoch versuche ich alle mir bekannten K\u00fcnstler per Mail zu erreichen und von Ihnen eine offizielle Erlaubnis zur nicht-kommerziellen Darstellung Ihrer Bilder zu erhalten. Sondergenehmigungen zur Verwendung aller <strong>Drachen<\/strong>bilder liegen auch vor. Mit Erfolg konnte ich bisher auszugsweise folgende K\u00fcnstler erreichen, von welchen entweder die Erlaubnis m\u00fcndlich oder schriftlich erteilt wurde:<\/p>\n<ul>\n<li> Ciruelo Cabral<\/li>\n<li> Bob Eggleton<\/li>\n<li> Larry Elmore<\/li>\n<li> Boris Vallejo &amp; Julie Bell<\/li>\n<li> Chris Achilleos<\/li>\n<li> Sylvia Polster<\/li>\n<li> Gerald Brom<\/li>\n<li> Stephanie Pui-Mun Law<\/li>\n<li> Rowena Morril<\/li>\n<li> Todd Lockwood<\/li>\n<li> Monte Michael Moore<\/li>\n<li> Ruth Thompson<\/li>\n<li> Akira Ohba<\/li>\n<li> Tim &amp; Greg Hildebrandt<\/li>\n<li> Gerald Brom<\/li>\n<li> Keith Parkinson<\/li>\n<li> Vincent Segrelles<\/li>\n<li> Louis Royo<\/li>\n<li> Paul Jaquays<\/li>\n<li> Nene Thomas<\/li>\n<li> Tim White<\/li>\n<li> J &#8222;Neon Dragon&#8220; Peffer<\/li>\n<li> Matt Stawicki<\/li>\n<li> Jonathon Earl Bowser<\/li>\n<li> Dorian Cleavenger<\/li>\n<li> Christian Iken<\/li>\n<li> Paul Youll<\/li>\n<\/ul>\n<p> Das dies jeweils keine einmalige Kontaktierung war sollte nur am Rande erw\u00e4hnt sein, ich stehe im regen Mailkontakt mit den meisten der hier aufgef\u00fchrten K\u00fcnstler und f\u00fchre deren \u00c4nderungsw\u00fcnsche umgehend aus.<br \/> Bilder mancher hier nicht aufgef\u00fchrter K\u00fcnstler stelle ich momentan ohne deren schriftliche Erlaubnis aus, da mir deren EMailadresse momentan nicht zug\u00e4nglich ist. Sollte eine Kontaktierung der entsprechenden K\u00fcnstler mir auf irgendeinem Wege bekannt und m\u00f6glich sein, so werde ich mich jeweils sofort um eine offizielle Erlaubnis bem\u00fchen. Bleibt eine solche aus, entferne ich die betreffenden Bilder umgehend.<\/p>\n<p>\u00a0<\/p>\n<p>\u00a0<\/p>\n<p><span style=\"font-weight: bold;\">Bilder auf dieser Seite<\/span><br \/>Alle Bilder, die zur Illustration dieser Seite verwendet werden und keine Bilder aus einer Galerie darstellen, werden mit Erlaubnis des K\u00fcnstlers verwendet.Es werden unter anderem Bilder von folgenden K\u00fcnstlern verwendet:<\/p>\n<ul>\n<li><a title=\"Julie Rehm Galerie\" target=\"_blank\" href=\"http:\/\/www.jr-gallery.de\">Julie Rehm<\/a><\/li>\n<li><a title=\"Ciruelo Cabral\" target=\"_blank\" href=\"http:\/\/www.dac-editions.com\">Ciruelo Cabral<\/a><\/li>\n<\/ul>\n<p> <strong>Downloads<\/strong><br \/> Die auf meiner Seite ver\u00f6ffentlichten Dateien verwende ich mit offizieller Erlaubnis des jeweiligen Copyrightinhabers. Alle Downloads liegen auf meinem Server, es sei denn der Copyrightinhaber hat eine Verlinkung auf seinen Server (Hotlink) explizit erw\u00fcnscht. Sollen Inhalte dieser Seite in irgendeiner Form weiterverarbeitet werden, so ist die Erlaubnis des Copyrightinhabers zu erfragen. Im Falle von Freeware ist dies durch die Lizenz geregelt. Die jeweils dazugeh\u00f6rigen Copyrightinformationen habe ich, soweit vorhanden, in die Archive eingef\u00fcgt. Erh\u00e4ltliche Videos\/Teaser zu aktuellen Drachenspielen\/Drachenvideos liegen teilweise nicht auf meinem Server, sondern ich linke, wie von den Herstellern angewiesen, auf die Herstellerseite. Das somit entstehende Hotlinking und Deeplinking wurde von den Betreibern der Seite ausdr\u00fccklich erw\u00fcnscht!<\/p>\n<p> <strong>B\u00fccher<\/strong><br \/> Alle in der Downloadsektion angebotenen Spieleb\u00fccher sind Abandonware und d\u00fcrfen frei kopiert werden, oder aber sind &#8222;Freeware&#8220; und ein Download ist erw\u00fcnscht.<br \/> Mir liegt ferner die Erlaubnis des Fischer Verlages vor das Buch &#8222;M\u00e4rchen von Drachen&#8220; abdrucken zu d\u00fcrfen, da dieses nicht mehr gedruckt wird. Die Erlaubnis, den Ausschnitt aus dem gro\u00dfen Buch der Ungeheuer abzudrucken zu d\u00fcrfen, wurde mir vom Tosa Verlag Wien erteilt und auch die Informationen \u00fcber die Drachen des Schwarzen Auges als Auszug aus dem &#8222;Bestarium Aventuricum&#8220; darf ich nach Absprache mit Thomas R\u00f6mer verwenden. AD&amp;D Drachen darzustellen ist vom TSR Verlag aus erlaubt.<br \/> <strong>TSR\/Wizards of the Coast<\/strong><br \/> Informationen und Bilder, die \u00a9TSR oder \u00a9Wizards o.t.Coast sind, sind zur pers\u00f6nlichen nicht kommerziellen Verwendung durch folgende Erkl\u00e4rung erlaubt, die ich in allen Punkten einhalte.<br \/> <em> The materials available through this website (www.wizards.com) are the property of Wizards of the Coast, Inc. or its subsidiaries (collectively &#8222;Wizards&#8220;) or of its licensors, licensees, or affiliated companies. These materials are protected by copyright, trademark, and other intellectual property laws. Information received through this website may be displayed, reformatted, and printed for your personal, noncommercial use only. You may not reproduce or retransmit the materials, in whole or in part, in any manner, without the prior written consent of the owner of such materials, with these exceptions only:<\/p>\n<p> You may make single copies of the materials available through this website, solely for your personal, noncommercial use, and only if you preserve any copyright, trademark, or other notices contained in or associated with them. You may not distribute such copies to others, whether or not in electronic form, whether or not for a charge or other consideration, without prior written consent of the owner of the materials. <\/em><br \/> Ferner liegt mir die schriftliche Erlaubnis vor Bilder, die @TSR oder @Wizards o.t.Coast sind auszustellen. Die entsprechenden K\u00fcnstler habe ich auch um Erlaubnis gebeten.  <br \/> Das Gro\u00dfe Buch der Drachen stelle ich mit freundlicher Genehmigung von Ciruelo Cabral aus und gebe im Gegenzug die M\u00f6glichkeit B\u00fccher und CD&#8217;s des K\u00fcnstlers auf Seiten Dritter zu erwerben, in dem ich auf diese verlinke.<\/p>\n<p> <strong>Drachentexte<\/strong><br \/> Die in der &#8222;Story&#8220; Sektion dargestellten Texte, Gedichte, M\u00e4rchen u.\u00e4. werden jeweils mit Erlaubnis des Copyrightinhabers dargestellt, oder wurden aus dem Gutenberg Projekt entnommen, welches diese zur freien Verf\u00fcgung ausstellt. Weitere Hinweise zum Haftungsausschluss oder Nutzungsrichtlinien finden sich auf den entsprechenden Seiten und sind sichtbar angebracht!<\/p>\n<p> <strong>Interview<\/strong><br \/> Alle Interviews werden mit Erlaubnis des Interviewten ausgestellt, das Audiointerview mit Dr. Andreas G\u00f6\u00dfling wird mit Erlaubnis des interviewenden Radiosenders und Andreas G\u00f6\u00dfling selbst ausgestellt.<\/p>\n<p> <strong>Rezensionen<\/strong><br \/> Alle nicht von mir geschriebenen Rezensionen sind deutlich gekennzeichnet und werden mit Erlaubnis des Urhebers verwendet.<\/p>\n<p> <strong>Shopping<\/strong><br \/> Die Auf der Shoppingseite verwendeten Bilder wurden teilweise von Amazon \u00fcbernommen. Da diese Seite eine Amazon Partnerseite ist, ist die Verwendung dieser Bilder von Seiten Amazons hier erlaubt. Die Bilder wurden auf meinem Webspace abgelegt, sie werden nicht gehotlinkt.<\/p>\n\n","protected":false},"excerpt":{"rendered":"<p>Copyrights auf Dragonslayer.de und allen zugeh\u00f6rigen Seiten \u00a0 \u00a0 Dragonslayer, das &#8222;Dragonslayer-Network&#8220; und alle zugeh\u00f6rigen Seiten sind ein privates, nicht kommerzielles Projekt von Kolja Engelmann und dienen der Sammlung und Pr\u00e4sentation von aufbereiteten Informationen \u00fcber Drachen(Fabelwesen) aus allen Medien. Allen interessierten Besuchern wird der Zugang zu Bildern, Texten und sonstigen Medien kostenlos zur Verf\u00fcgung gestellt. [&hellip;]<\/p>\n","protected":false},"author":1,"featured_media":0,"parent":0,"menu_order":0,"comment_status":"open","ping_status":"open","template":"","meta":{"ngg_post_thumbnail":0,"footnotes":""},"class_list":["post-929","page","type-page","status-publish","hentry"],"jetpack_sharing_enabled":true,"_links":{"self":[{"href":"https:\/\/www.drachenserver.de\/wordpress\/wp-json\/wp\/v2\/pages\/929","targetHints":{"allow":["GET"]}}],"collection":[{"href":"https:\/\/www.drachenserver.de\/wordpress\/wp-json\/wp\/v2\/pages"}],"about":[{"href":"https:\/\/www.drachenserver.de\/wordpress\/wp-json\/wp\/v2\/types\/page"}],"author":[{"embeddable":true,"href":"https:\/\/www.drachenserver.de\/wordpress\/wp-json\/wp\/v2\/users\/1"}],"replies":[{"embeddable":true,"href":"https:\/\/www.drachenserver.de\/wordpress\/wp-json\/wp\/v2\/comments?post=929"}],"version-history":[{"count":0,"href":"https:\/\/www.drachenserver.de\/wordpress\/wp-json\/wp\/v2\/pages\/929\/revisions"}],"wp:attachment":[{"href":"https:\/\/www.drachenserver.de\/wordpress\/wp-json\/wp\/v2\/media?parent=929"}],"curies":[{"name":"wp","href":"https:\/\/api.w.org\/{rel}","templated":true}]}}