{"id":1572,"date":"2011-04-13T21:15:42","date_gmt":"2011-04-13T20:15:42","guid":{"rendered":"http:\/\/www.drachenserver.de\/wordpress\/?page_id=1572"},"modified":"2011-12-29T15:58:01","modified_gmt":"2011-12-29T14:58:01","slug":"uber-kontakt","status":"publish","type":"page","link":"https:\/\/www.drachenserver.de\/wordpress\/uber-kontakt\/","title":{"rendered":"\u00dcber &#038; Kontakt"},"content":{"rendered":"<p>Dies ist das <strong>Dragonslayer-Network<\/strong>. Seit 1998 betreibe ich meine Homepage offiziell unter der Domain http:\/\/www.dragonslayer.de und noch immer enth\u00e4lt sie einzig Informationen \u00fcber fantasy Drachen. Ich sammle Drachenb\u00fccher, fantasy Drachenbilder, Informationen \u00fcber Drachen in Rollenspielen (&#8222;Das Schwarze Auge&#8220;, &#8222;Advanced Dungeons and Dragons&#8220;,&#8230;), schrieb ein Lexikon \u00fcber Drachen und lese Drachenromane, Drachengedichte, M\u00e4rchen, Fabeln und Legenden wann immer meine Zeit dazu ausreicht.<br \/>\nIch kann also von mir behaupten, dass ich ein waschechter Drachenfan bin. Ich genie\u00dfe es, das Ph\u00e4nomen &#8222;Drache&#8220; \u00fcber die Jahre hinweg in der Kunst und den Medien sich ver\u00e4ndern zu sehen. In gleichem Ma\u00dfe ver\u00e4ndert sich auch diese Seite. Wenn ihr dazu beitragen wollt, Ideen oder Anregungen habt, so schreibt mir, ich antworte euch gern! Das Impressum mit Kontaktangaben und Datenschutzangaben findet ihr am Fu\u00df der Seite.<\/p>\n<hr \/>\n\n\n<!-- Fast Secure Contact Form plugin 4.0.52 - begin - FastSecureContactForm.com -->\r\n<div style=\"clear:both;\"><\/div>\n<p>Eure Fragen und Anmerkungen sind jederzeit willkommen, ebenso wie Hinweise, Linktipps, News oder einfach nur Gr\u00fc\u00dfe.<\/p>\r\n<div id=\"FSContact1\" style=\"width:375px;\">\r\n<form action=\"https:\/\/www.drachenserver.de\/wordpress\/wp-json\/wp\/v2\/pages\/1572#FSContact1\" id=\"fscf_form1\" method=\"post\">\r\n\n<div id=\"fscf_required1\">\n  <span style=\"text-align:left;\"> *<\/span> <span style=\"text-align:left;\">indicates required field<\/span>\n<\/div>\n\n\n<div id=\"fscf_div_clear1_0\" style=\"clear:both;\">\n  <div id=\"fscf_div_field1_0\" style=\"clear:left; float:left; width:99%; max-width:550px; margin-right:10px;\">\r\n    <div style=\"text-align:left; padding-top:5px;\">\n      <label style=\"text-align:left;\" for=\"fscf_name1\">Name:<span style=\"text-align:left;\"> *<\/span><\/label>\n    <\/div>\r\n    <div style=\"text-align:left;\">\r\n      <input style=\"text-align:left; margin:0;\" type=\"text\" id=\"fscf_name1\" name=\"full_name\" value=\"\"  \/>\r\n    <\/div>\r\n  <\/div>\n<\/div>\n\n<div id=\"fscf_div_clear1_1\" style=\"clear:both;\">\n  <div id=\"fscf_div_field1_1\" style=\"clear:left; float:left; width:99%; max-width:550px; margin-right:10px;\">\n    <div style=\"text-align:left; padding-top:5px;\">\n      <label style=\"text-align:left;\" for=\"fscf_email1\">Email:<span style=\"text-align:left;\"> *<\/span><\/label>\n    <\/div>\n    <div style=\"text-align:left;\">\n      <input style=\"text-align:left; margin:0;\" type=\"text\" id=\"fscf_email1\" name=\"email\" value=\"\"  \/>\n    <\/div>\n  <\/div>\n<\/div>\n\n<div id=\"fscf_div_clear1_2\" style=\"clear:both;\">\n  <div id=\"fscf_div_field1_2\" style=\"clear:left; float:left; width:99%; max-width:550px; margin-right:10px;\">\n    <div style=\"text-align:left; padding-top:5px;\">\n      <label style=\"text-align:left;\" for=\"fscf_field1_2\">Betreff:<\/label>\n    <\/div>\n    <div style=\"text-align:left;\">\n      <input style=\"text-align:left; margin:0;\" type=\"text\" id=\"fscf_field1_2\" name=\"subject\" value=\"\"  \/>\n    <\/div>\n  <\/div>\n<\/div>\n\n<div id=\"fscf_div_clear1_3\" style=\"clear:both;\">\n  <div id=\"fscf_div_field1_3\" style=\"clear:left; float:left; width:99%; max-width:550px; margin-right:10px;\">\n    <div style=\"text-align:left; padding-top:5px;\">\n      <label style=\"text-align:left;\" for=\"fscf_field1_3\">Nachricht:<span style=\"text-align:left;\"> *<\/span><\/label>\n    <\/div>\n    <div style=\"text-align:left;\">\n      <textarea style=\"text-align:left; margin:0; width:99%; max-width:250px; height:120px;\" id=\"fscf_field1_3\" name=\"message\" cols=\"30\" rows=\"10\" ><\/textarea>\n    <\/div>\n  <\/div>\n<\/div>\r\n<div style=\"clear:both;\"><\/div>\n\n<div style=\"text-align:left; padding-top:5px;\">\n<\/div>\n<div id=\"fscf_captcha_image_div1\" style=\"width:175px; height:50px; padding-top:5px;\">\n      <img loading=\"lazy\" decoding=\"async\" id=\"fscf_captcha_image1\" style=\"border-style:none; margin:0; padding:0px; padding-right:5px; float:left;\" src=\"https:\/\/www.drachenserver.de\/wordpress\/wp-content\/plugins\/si-contact-form\/captcha\/securimage_show.php?ctf_sm_captcha=1&amp;prefix=4uyDhMI5NmrWiqqx\" width=\"132\" height=\"45\" alt=\"CAPTCHA\" title=\"CAPTCHA\" \/>\n      <input id=\"fscf_captcha_prefix1\" type=\"hidden\" name=\"fscf_captcha_prefix1\" value=\"4uyDhMI5NmrWiqqx\" \/>\n     <div id=\"fscf_captcha_refresh1\">\n        <a href=\"#\" rel=\"nofollow\" title=\"Refresh\" onclick=\"fscf_captcha_refresh('1','\/wordpress\/wp-content\/plugins\/si-contact-form\/captcha','https:\/\/www.drachenserver.de\/wordpress\/wp-content\/plugins\/si-contact-form\/captcha\/securimage_show.php?ctf_sm_captcha=1&amp;prefix='); return false;\">\n        <img loading=\"lazy\" decoding=\"async\" src=\"https:\/\/www.drachenserver.de\/wordpress\/wp-content\/plugins\/si-contact-form\/captcha\/images\/refresh.png\" width=\"22\" height=\"20\" alt=\"Refresh\" style=\"border-style:none; margin:0; padding:0px; vertical-align:bottom;\" onclick=\"this.blur();\" \/><\/a>\r\n     <\/div>\r\n<\/div>\r\n\r\n<div id=\"fscf_captcha_field1\" style=\"text-align:left; padding-top:5px;\">\r\n     <label style=\"text-align:left;\" for=\"fscf_captcha_code1\">CAPTCHA Code:<span style=\"text-align:left;\"> *<\/span><\/label>\r\n<\/div>\r\n<div style=\"text-align:left;\">\n     <input style=\"text-align:left; margin:0; width:50px;\" type=\"text\" value=\"\" autocomplete=\"off\" id=\"fscf_captcha_code1\" name=\"captcha_code\"  \/>\n<\/div>\n\n<div id=\"fscf_submit_div1\" style=\"text-align:left; padding-top:8px;\">\r\n\t\t<input type=\"submit\" id=\"fscf_submit1\" style=\"cursor:pointer; margin:0;\" value=\"senden\"  onclick=\"this.disabled=true; this.value='Submitting...'; this.form.submit();\" \/> \n<\/div>\n\n<input type=\"hidden\" name=\"fscf_submitted\" value=\"0\" \/>\n<input type=\"hidden\" name=\"fs_postonce_1\" value=\"7c877f56bdb2c00eb1d1ffb42e955c93,1776671131\" \/>\n<input type=\"hidden\" name=\"si_contact_action\" value=\"send\" \/>\n<input type=\"hidden\" name=\"form_id\" value=\"1\" \/>\n<input type=\"hidden\" name=\"mailto_id\" value=\"1\" \/>\n\n<\/form>\n<\/div>\r\n<div style=\"clear:both;\"><\/div>\n\n<!-- Fast Secure Contact Form plugin 4.0.52 - end - FastSecureContactForm.com -->\n\n<hr \/>\n<p><strong>Impressum F\u00fcr: Dragonslayer-Network<\/strong><\/p>\n<p>Gem\u00e4\u00df \u00a7 28 BDSG widerspreche ich jeder kommerziellen Verwendung und Weitergabe meiner Daten.<\/p>\n<p><strong>Verantwortungsbereich<\/strong>: Das Impressum gilt nur f\u00fcr die Internetpr\u00e4senz unter der Adresse: www.dragonslayer.de bzw www.drachenserver.de und allen Domains die auf die gleichen Inhalte des zu Grunde liegenden Servers zeigen<\/p>\n<p><strong>Abgrenzung<\/strong>: Die Web-Pr\u00e4senz ist Teil des WWW und dementsprechend mit fremden, sich jederzeit wandeln k\u00f6nnenden Web-Sites verkn\u00fcpft, die folglich auch nicht diesem Verantwortungsbereich unterliegen und f\u00fcr die nachfolgende Informationen nicht gelten. Dass die Links weder gegen Sitten noch Gesetze versto\u00dfen, wurde genau einmal gepr\u00fcft und zwar bevor sie hier aufgenommen wurden. Solche Links, die zu fremden Webprojekten f\u00fchren, erkennen Sie daran, dass Sie in einem neuen Browserfenster ge\u00f6ffnet werden.<\/p>\n<p><strong>Verantwortliche Ansprechperson<\/strong>: Kolja Engelmann<br \/>\n<strong>Anschrift<\/strong>: Namslaustr. 35, 13507 Berlin<br \/>\n<strong><\/strong><strong>Schnelle elektronische und unmittelbare Kommunikation<\/strong>: Bitte verwenden sie das obige Formular.<br \/>\n<strong>Auftraggeber f\u00fcr Werbung<\/strong>: Google Inc.<\/p>\n<p>Dieses Webprojekt ist ein kostenloses Hobbyprojekt zur Unterhaltung.<\/p>\n<p><strong>Urheberschutz und Nutzung <\/strong><br \/>\nDer Urheber r\u00e4umt Ihnen ganz konkret das Nutzungsrecht ein, sich private Kopien ihrer Mails und Rollenspieltexte f\u00fcr pers\u00f6nliche Zwecke anzufertigen und stellt daf\u00fcr technische Mittel zur Verf\u00fcgung.<br \/>\nDie Weiterverwendung und Ver\u00e4nderung des bereitgestellten Codes ist ausschlie\u00dflich gem\u00e4\u00df der GNU GPL gestattet. Wenn nicht ausdr\u00fccklich anders vermerkt, liegen die Urheberrechte f\u00fcr automatisch generierte Texte und Quellcode beim Betreiber dieser Seite. Autor der Inhalte von Profilen, B\u00fcchern und Rollenspiel ist der betreffende Benutzer.<\/p>\n<p><strong>Datenschutz<\/strong><br \/>\nAuf dieser Webseite werden nicht-personenbezogene Daten (IP, Browserkennung, aufgerufene Seite innerhalb des Blogs) zur Erstellung einer Aufrufstatistik an WordPress.com \u00fcbermittelt. Sollten sie dies nicht w\u00fcnschen, k\u00f6nnen Sie in Ihrem Browser die &#8222;DoNotTrack-Option&#8220; aktivieren, um die \u00dcbermittlung zu deaktivieren. Ferner werden keine Daten erfasst, verarbeitet, oder Dritten zur Verf\u00fcgung gestellt.<\/p>\n<p><strong>Keine Haftung<\/strong>:<br \/>\nDie Inhalte dieses Webprojektes wurden sorgf\u00e4ltig gepr\u00fcft und nach bestem Wissen erstellt. Aber f\u00fcr die hier dargebotenen Informationen wird kein Anspruch auf Vollst\u00e4ndigkeit, Aktualit\u00e4t, Qualit\u00e4t und Richtigkeit erhoben. Es kann keine Verantwortung f\u00fcr Sch\u00e4den \u00fcbernommen werden, die durch das Vertrauen auf die Inhalte dieser Website oder deren Gebrauch entstehen.<\/p>\n<p><strong>Schutzrechtsverletzung<\/strong>:<br \/>\nFalls Sie vermuten, dass von dieser Website aus eines Ihrer Schutzrechte verletzt wird, teilen Sie das bitte umgehend per elektronischer Post mit, damit z\u00fcgig Abhilfe geschaffen werden kann. Bitte nehmen Sie zur Kenntnis: Die zeitaufw\u00e4ndigere Einschaltung eines Anwaltes zur f\u00fcr den Diensteanbieter kostenpflichtigen Abmahnung entspricht nicht dessen wirklichem oder mutma\u00dflichem Willen.<\/p>\n\n","protected":false},"excerpt":{"rendered":"<p>Dies ist das Dragonslayer-Network. Seit 1998 betreibe ich meine Homepage offiziell unter der Domain http:\/\/www.dragonslayer.de und noch immer enth\u00e4lt sie einzig Informationen \u00fcber fantasy Drachen. Ich sammle Drachenb\u00fccher, fantasy Drachenbilder, Informationen \u00fcber Drachen in Rollenspielen (&#8222;Das Schwarze Auge&#8220;, &#8222;Advanced Dungeons and Dragons&#8220;,&#8230;), schrieb ein Lexikon \u00fcber Drachen und lese Drachenromane, Drachengedichte, M\u00e4rchen, Fabeln und Legenden [&hellip;]<\/p>\n","protected":false},"author":1,"featured_media":0,"parent":0,"menu_order":0,"comment_status":"closed","ping_status":"closed","template":"","meta":{"ngg_post_thumbnail":0,"footnotes":""},"class_list":["post-1572","page","type-page","status-publish","hentry"],"jetpack_sharing_enabled":true,"_links":{"self":[{"href":"https:\/\/www.drachenserver.de\/wordpress\/wp-json\/wp\/v2\/pages\/1572","targetHints":{"allow":["GET"]}}],"collection":[{"href":"https:\/\/www.drachenserver.de\/wordpress\/wp-json\/wp\/v2\/pages"}],"about":[{"href":"https:\/\/www.drachenserver.de\/wordpress\/wp-json\/wp\/v2\/types\/page"}],"author":[{"embeddable":true,"href":"https:\/\/www.drachenserver.de\/wordpress\/wp-json\/wp\/v2\/users\/1"}],"replies":[{"embeddable":true,"href":"https:\/\/www.drachenserver.de\/wordpress\/wp-json\/wp\/v2\/comments?post=1572"}],"version-history":[{"count":0,"href":"https:\/\/www.drachenserver.de\/wordpress\/wp-json\/wp\/v2\/pages\/1572\/revisions"}],"wp:attachment":[{"href":"https:\/\/www.drachenserver.de\/wordpress\/wp-json\/wp\/v2\/media?parent=1572"}],"curies":[{"name":"wp","href":"https:\/\/api.w.org\/{rel}","templated":true}]}}